{"id":5215,"date":"2026-02-04T23:42:37","date_gmt":"2026-02-04T23:42:37","guid":{"rendered":"https:\/\/meiyi.com.mx\/?post_type=product&#038;p=5215"},"modified":"2026-02-04T23:42:38","modified_gmt":"2026-02-04T23:42:38","slug":"brazalete-dorado-50-8","status":"publish","type":"product","link":"https:\/\/meiyi.com.mx\/index.php\/producto\/brazalete-dorado-50-8\/","title":{"rendered":"Brazalete Dorado 50"},"content":{"rendered":"<p data-start=\"575\" data-end=\"595\"><strong data-start=\"575\" data-end=\"595\">Caracter\u00edsticas:<\/strong><\/p>\n<ul data-start=\"596\" data-end=\"691\">\n<li data-start=\"596\" data-end=\"642\">\n<p data-start=\"598\" data-end=\"642\">Material: Acero inoxidable de alta calidad<\/p>\n<\/li>\n<li data-start=\"643\" data-end=\"661\">\n<p data-start=\"645\" data-end=\"661\">Hipoalerg\u00e9nico<\/p>\n<\/li>\n<li data-start=\"662\" data-end=\"691\">\n<p data-start=\"664\" data-end=\"691\">Dise\u00f1o moderno y vers\u00e1til<\/p>\n<\/li>\n<\/ul>\n","protected":false},"excerpt":{"rendered":"<p>Caracter\u00edsticas: Material: Acero inoxidable de alta calidad Hipoalerg\u00e9nico Dise\u00f1o moderno y vers\u00e1til<\/p>\n","protected":false},"featured_media":5216,"template":"","meta":{"_bst_post_transparent":"default","_bst_post_title":"","_bst_post_layout":"default","_bst_post_sidebar_id":"","_bst_post_content_style":"default","_bst_post_vertical_padding":"default","_bst_post_feature":"","_bst_post_feature_position":"","_bst_post_header":false,"_bst_post_footer":false},"product_brand":[],"product_cat":[145,123],"product_tag":[],"product_brands":[],"class_list":{"0":"post-5215","1":"product","2":"type-product","3":"status-publish","4":"has-post-thumbnail","6":"product_cat-brazaletes","7":"product_cat-pulseras","9":"first","10":"outofstock","11":"shipping-taxable","12":"purchasable","13":"product-type-simple","14":"entry","15":"content-bg","16":"loop-entry"},"jetpack_sharing_enabled":true,"_links":{"self":[{"href":"https:\/\/meiyi.com.mx\/index.php\/wp-json\/wp\/v2\/product\/5215","targetHints":{"allow":["GET"]}}],"collection":[{"href":"https:\/\/meiyi.com.mx\/index.php\/wp-json\/wp\/v2\/product"}],"about":[{"href":"https:\/\/meiyi.com.mx\/index.php\/wp-json\/wp\/v2\/types\/product"}],"wp:featuredmedia":[{"embeddable":true,"href":"https:\/\/meiyi.com.mx\/index.php\/wp-json\/wp\/v2\/media\/5216"}],"wp:attachment":[{"href":"https:\/\/meiyi.com.mx\/index.php\/wp-json\/wp\/v2\/media?parent=5215"}],"wp:term":[{"taxonomy":"product_brand","embeddable":true,"href":"https:\/\/meiyi.com.mx\/index.php\/wp-json\/wp\/v2\/product_brand?post=5215"},{"taxonomy":"product_cat","embeddable":true,"href":"https:\/\/meiyi.com.mx\/index.php\/wp-json\/wp\/v2\/product_cat?post=5215"},{"taxonomy":"product_tag","embeddable":true,"href":"https:\/\/meiyi.com.mx\/index.php\/wp-json\/wp\/v2\/product_tag?post=5215"},{"taxonomy":"product_brands","embeddable":true,"href":"https:\/\/meiyi.com.mx\/index.php\/wp-json\/wp\/v2\/product_brands?post=5215"}],"curies":[{"name":"wp","href":"https:\/\/api.w.org\/{rel}","templated":true}]}}