{"id":4876,"date":"2026-01-31T22:48:14","date_gmt":"2026-01-31T22:48:14","guid":{"rendered":"https:\/\/meiyi.com.mx\/?post_type=product&#038;p=4876"},"modified":"2026-02-06T07:29:26","modified_gmt":"2026-02-06T07:29:26","slug":"esclava-r-x","status":"publish","type":"product","link":"https:\/\/meiyi.com.mx\/index.php\/producto\/esclava-r-x\/","title":{"rendered":"Esclava R x"},"content":{"rendered":"<p data-start=\"878\" data-end=\"898\"><strong data-start=\"878\" data-end=\"898\">Caracter\u00edsticas:<\/strong><\/p>\n<ul data-start=\"899\" data-end=\"1066\">\n<li data-start=\"899\" data-end=\"945\">\n<p data-start=\"901\" data-end=\"945\">Material: Acero inoxidable de alta calidad<\/p>\n<\/li>\n<li data-start=\"1018\" data-end=\"1036\">\n<p data-start=\"1020\" data-end=\"1036\">Hipoalerg\u00e9nico<\/p>\n<\/li>\n<li data-start=\"1037\" data-end=\"1066\">\n<p data-start=\"1039\" data-end=\"1066\">Dise\u00f1o moderno y vers\u00e1til<\/p>\n<\/li>\n<\/ul>\n","protected":false},"excerpt":{"rendered":"<p>En MEIYI creamos accesorios de acero inoxidable pensados para acompa\u00f1arte todos los d\u00edas, combinando estilo, durabilidad y elegancia. Cada pieza est\u00e1 cuidadosamente dise\u00f1ada con acabados de alta calidad que realzan cualquier look, desde el m\u00e1s casual hasta el m\u00e1s sofisticado.<\/p>\n<p>Perfectos para regalar o consentirte, los accesorios MEIYI son vers\u00e1tiles, duraderos y una excelente opci\u00f3n para cualquier ocasi\u00f3n.<\/p>\n","protected":false},"featured_media":5607,"template":"","meta":{"_bst_post_transparent":"default","_bst_post_title":"","_bst_post_layout":"default","_bst_post_sidebar_id":"","_bst_post_content_style":"default","_bst_post_vertical_padding":"default","_bst_post_feature":"","_bst_post_feature_position":"","_bst_post_header":false,"_bst_post_footer":false},"product_brand":[],"product_cat":[132,123],"product_tag":[],"product_brands":[],"class_list":{"0":"post-4876","1":"product","2":"type-product","3":"status-publish","4":"has-post-thumbnail","6":"product_cat-inspiracion-pulseras","7":"product_cat-pulseras","9":"first","10":"instock","11":"shipping-taxable","12":"purchasable","13":"product-type-variable","14":"has-default-attributes","15":"entry","16":"content-bg","17":"loop-entry"},"jetpack_sharing_enabled":true,"_links":{"self":[{"href":"https:\/\/meiyi.com.mx\/index.php\/wp-json\/wp\/v2\/product\/4876","targetHints":{"allow":["GET"]}}],"collection":[{"href":"https:\/\/meiyi.com.mx\/index.php\/wp-json\/wp\/v2\/product"}],"about":[{"href":"https:\/\/meiyi.com.mx\/index.php\/wp-json\/wp\/v2\/types\/product"}],"wp:featuredmedia":[{"embeddable":true,"href":"https:\/\/meiyi.com.mx\/index.php\/wp-json\/wp\/v2\/media\/5607"}],"wp:attachment":[{"href":"https:\/\/meiyi.com.mx\/index.php\/wp-json\/wp\/v2\/media?parent=4876"}],"wp:term":[{"taxonomy":"product_brand","embeddable":true,"href":"https:\/\/meiyi.com.mx\/index.php\/wp-json\/wp\/v2\/product_brand?post=4876"},{"taxonomy":"product_cat","embeddable":true,"href":"https:\/\/meiyi.com.mx\/index.php\/wp-json\/wp\/v2\/product_cat?post=4876"},{"taxonomy":"product_tag","embeddable":true,"href":"https:\/\/meiyi.com.mx\/index.php\/wp-json\/wp\/v2\/product_tag?post=4876"},{"taxonomy":"product_brands","embeddable":true,"href":"https:\/\/meiyi.com.mx\/index.php\/wp-json\/wp\/v2\/product_brands?post=4876"}],"curies":[{"name":"wp","href":"https:\/\/api.w.org\/{rel}","templated":true}]}}