{"id":1976,"date":"2026-01-22T20:05:56","date_gmt":"2026-01-22T20:05:56","guid":{"rendered":"https:\/\/meiyi.com.mx\/?post_type=product&#038;p=1976"},"modified":"2026-01-22T20:06:08","modified_gmt":"2026-01-22T20:06:08","slug":"brazalete-cinturon-disney","status":"publish","type":"product","link":"https:\/\/meiyi.com.mx\/index.php\/producto\/brazalete-cinturon-disney\/","title":{"rendered":"Brazalete Cintur\u00f3n Disney"},"content":{"rendered":"<p data-start=\"575\" data-end=\"595\"><strong data-start=\"575\" data-end=\"595\">Caracter\u00edsticas:<\/strong><\/p>\n<ul data-start=\"596\" data-end=\"691\">\n<li data-start=\"596\" data-end=\"642\">\n<p data-start=\"598\" data-end=\"642\">Material: Acero inoxidable de alta calidad<\/p>\n<\/li>\n<li data-start=\"643\" data-end=\"661\">\n<p data-start=\"645\" data-end=\"661\">Hipoalerg\u00e9nico<\/p>\n<\/li>\n<li data-start=\"662\" data-end=\"691\">\n<p data-start=\"664\" data-end=\"691\">Dise\u00f1o moderno y vers\u00e1til<\/p>\n<\/li>\n<\/ul>\n","protected":false},"excerpt":{"rendered":"<p>En MEIYI creamos accesorios de acero inoxidable pensados para acompa\u00f1arte todos los d\u00edas, combinando estilo, durabilidad y elegancia. Cada pieza est\u00e1 cuidadosamente dise\u00f1ada con acabados de alta calidad que realzan cualquier look, desde el m\u00e1s casual hasta el m\u00e1s sofisticado.<\/p>\n<p>Perfectos para regalar o consentirte, los accesorios MEIYI son vers\u00e1tiles, duraderos y una excelente opci\u00f3n para cualquier ocasi\u00f3n.<\/p>\n","protected":false},"featured_media":1977,"template":"","meta":{"_bst_post_transparent":"default","_bst_post_title":"","_bst_post_layout":"default","_bst_post_sidebar_id":"","_bst_post_content_style":"default","_bst_post_vertical_padding":"default","_bst_post_feature":"","_bst_post_feature_position":"","_bst_post_header":false,"_bst_post_footer":false},"product_brand":[],"product_cat":[123],"product_tag":[],"product_brands":[],"class_list":{"0":"post-1976","1":"product","2":"type-product","3":"status-publish","4":"has-post-thumbnail","6":"product_cat-pulseras","8":"first","9":"instock","10":"shipping-taxable","11":"purchasable","12":"product-type-simple","13":"entry","14":"content-bg","15":"loop-entry"},"jetpack_sharing_enabled":true,"_links":{"self":[{"href":"https:\/\/meiyi.com.mx\/index.php\/wp-json\/wp\/v2\/product\/1976","targetHints":{"allow":["GET"]}}],"collection":[{"href":"https:\/\/meiyi.com.mx\/index.php\/wp-json\/wp\/v2\/product"}],"about":[{"href":"https:\/\/meiyi.com.mx\/index.php\/wp-json\/wp\/v2\/types\/product"}],"wp:featuredmedia":[{"embeddable":true,"href":"https:\/\/meiyi.com.mx\/index.php\/wp-json\/wp\/v2\/media\/1977"}],"wp:attachment":[{"href":"https:\/\/meiyi.com.mx\/index.php\/wp-json\/wp\/v2\/media?parent=1976"}],"wp:term":[{"taxonomy":"product_brand","embeddable":true,"href":"https:\/\/meiyi.com.mx\/index.php\/wp-json\/wp\/v2\/product_brand?post=1976"},{"taxonomy":"product_cat","embeddable":true,"href":"https:\/\/meiyi.com.mx\/index.php\/wp-json\/wp\/v2\/product_cat?post=1976"},{"taxonomy":"product_tag","embeddable":true,"href":"https:\/\/meiyi.com.mx\/index.php\/wp-json\/wp\/v2\/product_tag?post=1976"},{"taxonomy":"product_brands","embeddable":true,"href":"https:\/\/meiyi.com.mx\/index.php\/wp-json\/wp\/v2\/product_brands?post=1976"}],"curies":[{"name":"wp","href":"https:\/\/api.w.org\/{rel}","templated":true}]}}